{"id":13,"date":"2022-01-03T14:18:48","date_gmt":"2022-01-03T13:18:48","guid":{"rendered":"http:\/\/smarti-16170.rask29.raskesider.no\/?page_id=13"},"modified":"2026-03-25T13:22:17","modified_gmt":"2026-03-25T12:22:17","slug":"https-smartinnovationnorway-com","status":"publish","type":"page","link":"https:\/\/smartinnovationnorway.com\/en\/","title":{"rendered":"Smart Innovation Norway"},"content":{"rendered":"","protected":false},"excerpt":{"rendered":"","protected":false},"author":1,"featured_media":26193,"parent":0,"menu_order":0,"comment_status":"closed","ping_status":"closed","template":"page-templates\/page-front.php","meta":{"_acf_changed":false,"inline_featured_image":false,"footnotes":""},"class_list":["post-13","page","type-page","status-publish","has-post-thumbnail","hentry"],"acf":[],"yoast_head":"<!-- This site is optimized with the Yoast SEO Premium plugin v23.7 (Yoast SEO v26.9) - https:\/\/yoast.com\/product\/yoast-seo-premium-wordpress\/ -->\n<title>Gr\u00f8nt skifte: B\u00e6rekraftig fremtid med gr\u00f8nne l\u00f8sninger - Smart Innovation Norway<\/title>\n<meta name=\"description\" content=\"Utforsk konseptet gr\u00f8nt skifte og dets betydning for \u00e5 redusere klimaendringer. Finn ut hvordan du kan bli en del av l\u00f8sningen.\" \/>\n<meta name=\"robots\" content=\"index, follow, max-snippet:-1, max-image-preview:large, max-video-preview:-1\" \/>\n<link rel=\"canonical\" href=\"https:\/\/smartinnovationnorway.com\/en\/\" \/>\n<meta property=\"og:locale\" content=\"en_US\" \/>\n<meta property=\"og:type\" content=\"article\" \/>\n<meta property=\"og:title\" content=\"Smart Innovation Norway\" \/>\n<meta property=\"og:description\" content=\"Utforsk konseptet gr\u00f8nt skifte og dets betydning for \u00e5 redusere klimaendringer. Finn ut hvordan du kan bli en del av l\u00f8sningen.\" \/>\n<meta property=\"og:url\" content=\"https:\/\/smartinnovationnorway.com\/en\/\" \/>\n<meta property=\"og:site_name\" content=\"Smart Innovation Norway\" \/>\n<meta property=\"article:publisher\" content=\"https:\/\/www.facebook.com\/smart.innovation.norway\/\" \/>\n<meta property=\"article:modified_time\" content=\"2026-03-25T12:22:17+00:00\" \/>\n<meta property=\"og:image\" content=\"https:\/\/smartinnovationnorway.com\/wp-content\/uploads\/2023\/06\/MicrosoftTeams-image-34.jpg\" \/>\n\t<meta property=\"og:image:width\" content=\"1920\" \/>\n\t<meta property=\"og:image:height\" content=\"1080\" \/>\n\t<meta property=\"og:image:type\" content=\"image\/jpeg\" \/>\n<meta name=\"twitter:card\" content=\"summary_large_image\" \/>\n<meta name=\"twitter:site\" content=\"@NCESmart\" \/>\n<meta name=\"twitter:label1\" content=\"Est. reading time\" \/>\n\t<meta name=\"twitter:data1\" content=\"1 minute\" \/>\n<script type=\"application\/ld+json\" class=\"yoast-schema-graph\">{\"@context\":\"https:\/\/schema.org\",\"@graph\":[{\"@type\":\"WebPage\",\"@id\":\"https:\/\/smartinnovationnorway.com\/\",\"url\":\"https:\/\/smartinnovationnorway.com\/\",\"name\":\"Gr\u00f8nt skifte: B\u00e6rekraftig fremtid med gr\u00f8nne l\u00f8sninger - Smart Innovation Norway\",\"isPartOf\":{\"@id\":\"https:\/\/smartinnovationnorway.com\/no\/#website\"},\"primaryImageOfPage\":{\"@id\":\"https:\/\/smartinnovationnorway.com\/#primaryimage\"},\"image\":{\"@id\":\"https:\/\/smartinnovationnorway.com\/#primaryimage\"},\"thumbnailUrl\":\"https:\/\/smartinnovationnorway.com\/wp-content\/uploads\/2023\/06\/MicrosoftTeams-image-34.jpg\",\"datePublished\":\"2022-01-03T13:18:48+00:00\",\"dateModified\":\"2026-03-25T12:22:17+00:00\",\"description\":\"Utforsk konseptet gr\u00f8nt skifte og dets betydning for \u00e5 redusere klimaendringer. Finn ut hvordan du kan bli en del av l\u00f8sningen.\",\"breadcrumb\":{\"@id\":\"https:\/\/smartinnovationnorway.com\/#breadcrumb\"},\"inLanguage\":\"en-US\",\"potentialAction\":[{\"@type\":\"ReadAction\",\"target\":[\"https:\/\/smartinnovationnorway.com\/\"]}]},{\"@type\":\"ImageObject\",\"inLanguage\":\"en-US\",\"@id\":\"https:\/\/smartinnovationnorway.com\/#primaryimage\",\"url\":\"https:\/\/smartinnovationnorway.com\/wp-content\/uploads\/2023\/06\/MicrosoftTeams-image-34.jpg\",\"contentUrl\":\"https:\/\/smartinnovationnorway.com\/wp-content\/uploads\/2023\/06\/MicrosoftTeams-image-34.jpg\",\"width\":1920,\"height\":1080,\"caption\":\"Smart Innovation Norway Employees\"},{\"@type\":\"BreadcrumbList\",\"@id\":\"https:\/\/smartinnovationnorway.com\/#breadcrumb\",\"itemListElement\":[{\"@type\":\"ListItem\",\"position\":1,\"name\":\"Home\",\"item\":\"https:\/\/smartinnovationnorway.com\/\"},{\"@type\":\"ListItem\",\"position\":2,\"name\":\"Smart Innovation Norway\"}]},{\"@type\":\"WebSite\",\"@id\":\"https:\/\/smartinnovationnorway.com\/no\/#website\",\"url\":\"https:\/\/smartinnovationnorway.com\/no\/\",\"name\":\"Smart Innovation Norway\",\"description\":\"For en b\u00e6rekraftig og innovativ fremtid\",\"publisher\":{\"@id\":\"https:\/\/smartinnovationnorway.com\/no\/#organization\"},\"potentialAction\":[{\"@type\":\"SearchAction\",\"target\":{\"@type\":\"EntryPoint\",\"urlTemplate\":\"https:\/\/smartinnovationnorway.com\/no\/?s={search_term_string}\"},\"query-input\":{\"@type\":\"PropertyValueSpecification\",\"valueRequired\":true,\"valueName\":\"search_term_string\"}}],\"inLanguage\":\"en-US\"},{\"@type\":\"Organization\",\"@id\":\"https:\/\/smartinnovationnorway.com\/no\/#organization\",\"name\":\"Smart Innovation Norway\",\"url\":\"https:\/\/smartinnovationnorway.com\/no\/\",\"logo\":{\"@type\":\"ImageObject\",\"inLanguage\":\"en-US\",\"@id\":\"https:\/\/smartinnovationnorway.com\/no\/#\/schema\/logo\/image\/\",\"url\":\"https:\/\/smartinnovationnorway.com\/wp-content\/uploads\/2023\/06\/SIN_logo_blk_NY.png\",\"contentUrl\":\"https:\/\/smartinnovationnorway.com\/wp-content\/uploads\/2023\/06\/SIN_logo_blk_NY.png\",\"width\":2560,\"height\":1337,\"caption\":\"Smart Innovation Norway\"},\"image\":{\"@id\":\"https:\/\/smartinnovationnorway.com\/no\/#\/schema\/logo\/image\/\"},\"sameAs\":[\"https:\/\/www.facebook.com\/smart.innovation.norway\/\",\"https:\/\/x.com\/NCESmart\",\"https:\/\/no.linkedin.com\/company\/sinnovationnorway\"]}]}<\/script>\n<!-- \/ Yoast SEO Premium plugin. -->","yoast_head_json":{"title":"Gr\u00f8nt skifte: B\u00e6rekraftig fremtid med gr\u00f8nne l\u00f8sninger - Smart Innovation Norway","description":"Utforsk konseptet gr\u00f8nt skifte og dets betydning for \u00e5 redusere klimaendringer. Finn ut hvordan du kan bli en del av l\u00f8sningen.","robots":{"index":"index","follow":"follow","max-snippet":"max-snippet:-1","max-image-preview":"max-image-preview:large","max-video-preview":"max-video-preview:-1"},"canonical":"https:\/\/smartinnovationnorway.com\/en\/","og_locale":"en_US","og_type":"article","og_title":"Smart Innovation Norway","og_description":"Utforsk konseptet gr\u00f8nt skifte og dets betydning for \u00e5 redusere klimaendringer. Finn ut hvordan du kan bli en del av l\u00f8sningen.","og_url":"https:\/\/smartinnovationnorway.com\/en\/","og_site_name":"Smart Innovation Norway","article_publisher":"https:\/\/www.facebook.com\/smart.innovation.norway\/","article_modified_time":"2026-03-25T12:22:17+00:00","og_image":[{"width":1920,"height":1080,"url":"https:\/\/smartinnovationnorway.com\/wp-content\/uploads\/2023\/06\/MicrosoftTeams-image-34.jpg","type":"image\/jpeg"}],"twitter_card":"summary_large_image","twitter_site":"@NCESmart","twitter_misc":{"Est. reading time":"1 minute"},"schema":{"@context":"https:\/\/schema.org","@graph":[{"@type":"WebPage","@id":"https:\/\/smartinnovationnorway.com\/","url":"https:\/\/smartinnovationnorway.com\/","name":"Gr\u00f8nt skifte: B\u00e6rekraftig fremtid med gr\u00f8nne l\u00f8sninger - Smart Innovation Norway","isPartOf":{"@id":"https:\/\/smartinnovationnorway.com\/no\/#website"},"primaryImageOfPage":{"@id":"https:\/\/smartinnovationnorway.com\/#primaryimage"},"image":{"@id":"https:\/\/smartinnovationnorway.com\/#primaryimage"},"thumbnailUrl":"https:\/\/smartinnovationnorway.com\/wp-content\/uploads\/2023\/06\/MicrosoftTeams-image-34.jpg","datePublished":"2022-01-03T13:18:48+00:00","dateModified":"2026-03-25T12:22:17+00:00","description":"Utforsk konseptet gr\u00f8nt skifte og dets betydning for \u00e5 redusere klimaendringer. Finn ut hvordan du kan bli en del av l\u00f8sningen.","breadcrumb":{"@id":"https:\/\/smartinnovationnorway.com\/#breadcrumb"},"inLanguage":"en-US","potentialAction":[{"@type":"ReadAction","target":["https:\/\/smartinnovationnorway.com\/"]}]},{"@type":"ImageObject","inLanguage":"en-US","@id":"https:\/\/smartinnovationnorway.com\/#primaryimage","url":"https:\/\/smartinnovationnorway.com\/wp-content\/uploads\/2023\/06\/MicrosoftTeams-image-34.jpg","contentUrl":"https:\/\/smartinnovationnorway.com\/wp-content\/uploads\/2023\/06\/MicrosoftTeams-image-34.jpg","width":1920,"height":1080,"caption":"Smart Innovation Norway Employees"},{"@type":"BreadcrumbList","@id":"https:\/\/smartinnovationnorway.com\/#breadcrumb","itemListElement":[{"@type":"ListItem","position":1,"name":"Home","item":"https:\/\/smartinnovationnorway.com\/"},{"@type":"ListItem","position":2,"name":"Smart Innovation Norway"}]},{"@type":"WebSite","@id":"https:\/\/smartinnovationnorway.com\/no\/#website","url":"https:\/\/smartinnovationnorway.com\/no\/","name":"Smart Innovation Norway","description":"For en b\u00e6rekraftig og innovativ fremtid","publisher":{"@id":"https:\/\/smartinnovationnorway.com\/no\/#organization"},"potentialAction":[{"@type":"SearchAction","target":{"@type":"EntryPoint","urlTemplate":"https:\/\/smartinnovationnorway.com\/no\/?s={search_term_string}"},"query-input":{"@type":"PropertyValueSpecification","valueRequired":true,"valueName":"search_term_string"}}],"inLanguage":"en-US"},{"@type":"Organization","@id":"https:\/\/smartinnovationnorway.com\/no\/#organization","name":"Smart Innovation Norway","url":"https:\/\/smartinnovationnorway.com\/no\/","logo":{"@type":"ImageObject","inLanguage":"en-US","@id":"https:\/\/smartinnovationnorway.com\/no\/#\/schema\/logo\/image\/","url":"https:\/\/smartinnovationnorway.com\/wp-content\/uploads\/2023\/06\/SIN_logo_blk_NY.png","contentUrl":"https:\/\/smartinnovationnorway.com\/wp-content\/uploads\/2023\/06\/SIN_logo_blk_NY.png","width":2560,"height":1337,"caption":"Smart Innovation Norway"},"image":{"@id":"https:\/\/smartinnovationnorway.com\/no\/#\/schema\/logo\/image\/"},"sameAs":["https:\/\/www.facebook.com\/smart.innovation.norway\/","https:\/\/x.com\/NCESmart","https:\/\/no.linkedin.com\/company\/sinnovationnorway"]}]}},"_links":{"self":[{"href":"https:\/\/smartinnovationnorway.com\/en\/wp-json\/wp\/v2\/pages\/13","targetHints":{"allow":["GET"]}}],"collection":[{"href":"https:\/\/smartinnovationnorway.com\/en\/wp-json\/wp\/v2\/pages"}],"about":[{"href":"https:\/\/smartinnovationnorway.com\/en\/wp-json\/wp\/v2\/types\/page"}],"author":[{"embeddable":true,"href":"https:\/\/smartinnovationnorway.com\/en\/wp-json\/wp\/v2\/users\/1"}],"replies":[{"embeddable":true,"href":"https:\/\/smartinnovationnorway.com\/en\/wp-json\/wp\/v2\/comments?post=13"}],"version-history":[{"count":177,"href":"https:\/\/smartinnovationnorway.com\/en\/wp-json\/wp\/v2\/pages\/13\/revisions"}],"predecessor-version":[{"id":30759,"href":"https:\/\/smartinnovationnorway.com\/en\/wp-json\/wp\/v2\/pages\/13\/revisions\/30759"}],"wp:featuredmedia":[{"embeddable":true,"href":"https:\/\/smartinnovationnorway.com\/en\/wp-json\/wp\/v2\/media\/26193"}],"wp:attachment":[{"href":"https:\/\/smartinnovationnorway.com\/en\/wp-json\/wp\/v2\/media?parent=13"}],"curies":[{"name":"wp","href":"https:\/\/api.w.org\/{rel}","templated":true}]}}